{"id":885,"date":"2022-02-23T23:43:23","date_gmt":"2022-02-23T22:43:23","guid":{"rendered":"https:\/\/blachdom-tech.pl\/modulowe\/?page_id=885"},"modified":"2024-02-05T11:09:01","modified_gmt":"2024-02-05T10:09:01","slug":"kontenery-biurowe","status":"publish","type":"page","link":"https:\/\/blachdom-tech.pl\/modulowe\/kontenery-biurowe\/","title":{"rendered":"Kontenery biurowe, budowlane, socjalne"},"content":{"rendered":"\n<section id=\"gmc83cd3e\" class=\"wp-block-gutentor-m4 section-gmc83cd3e gutentor-module gutentor-advanced-columns oferta-main\"><div class=\"grid-container\"><div class=\"grid-row\">\n<div id=\"col-gm7f2cce\" class=\"wp-block-gutentor-m4-col col-gm7f2cce gutentor-single-column  grid-lg-9 grid-md-12 grid-12\"><div id=\"section-gm7f2cce\" class=\"section-gm7f2cce gutentor-col-wrap\">\n<h2 class=\"wp-block-heading has-black-color has-text-color\" id=\"kontenery-biurowe-budowlane-socjalne\"><strong>Kontenery biurowe, budowlane, socjalne<\/strong><\/h2>\n\n\n\n<div id=\"section-g4b72ba\" class=\"wp-block-gutentor-e0 section-g4b72ba gutentor-element gutentor-element-advanced-text\"><div class=\"gutentor-text-wrap\"><p class=\"gutentor-text\">Produkujemy nowoczesne mobilne biura modu\u0142owe. Modu\u0142y o powierzchni 15 m2 mo\u017cna \u0142\u0105czy\u0107 i dopasowa\u0107 pod konkretne wymagania bran\u017cowe, tworz\u0105c kontenery budowlane, socjalne, czy biurowe.<br><br>Nasze produkty z p\u0142yt warstwowych s\u0105 &nbsp;mobilne dzi\u0119ki zastosowaniu konstrukcji ( ramy ) ze stali, &nbsp;gwarantuje to mo\u017cliwo\u015b\u0107 podnoszenia d\u017awigiem lub w\u00f3zkiem wid\u0142owym.<\/p><\/div><\/div>\n<\/div><\/div>\n\n\n\n<div id=\"col-gm1f7f99\" class=\"wp-block-gutentor-m4-col col-gm1f7f99 gutentor-single-column  grid-lg-3 grid-md-12 grid-12\"><div id=\"section-gm1f7f99\" class=\"section-gm1f7f99 gutentor-col-wrap\">\n<div id=\"section-g867b2b\" class=\"wp-block-gutentor-e6 section-g867b2b gutentor-element gutentor-element-image\"><div class=\"gutentor-element-image-box\"><div class=\"gutentor-image-thumb\"><img decoding=\"async\" class=\"normal-image\" src=\"https:\/\/blachdom-tech.pl\/modulowe\/wp-content\/uploads\/2022\/02\/kontenery-blachdom.jpg\"\/><\/div><\/div><\/div>\n<\/div><\/div>\n<\/div><\/div><\/section>\n\n\n\n<figure class=\"wp-block-gallery alignwide has-nested-images columns-default is-cropped wp-block-gallery-1 is-layout-flex wp-block-gallery-is-layout-flex\">\n<figure class=\"wp-block-image size-full\"><img loading=\"lazy\" decoding=\"async\" width=\"1400\" height=\"1400\" data-id=\"1107\" src=\"https:\/\/blachdom-tech.pl\/modulowe\/wp-content\/uploads\/2022\/08\/kontenery-blachdom.jpg\" alt=\"\" class=\"wp-image-1107\" srcset=\"https:\/\/blachdom-tech.pl\/modulowe\/wp-content\/uploads\/2022\/08\/kontenery-blachdom.jpg 1400w, https:\/\/blachdom-tech.pl\/modulowe\/wp-content\/uploads\/2022\/08\/kontenery-blachdom-300x300.jpg 300w, https:\/\/blachdom-tech.pl\/modulowe\/wp-content\/uploads\/2022\/08\/kontenery-blachdom-700x700.jpg 700w, https:\/\/blachdom-tech.pl\/modulowe\/wp-content\/uploads\/2022\/08\/kontenery-blachdom-150x150.jpg 150w, https:\/\/blachdom-tech.pl\/modulowe\/wp-content\/uploads\/2022\/08\/kontenery-blachdom-768x768.jpg 768w\" sizes=\"auto, (max-width: 1400px) 100vw, 1400px\" \/><\/figure>\n\n\n\n<figure class=\"wp-block-image size-full\"><img loading=\"lazy\" decoding=\"async\" width=\"900\" height=\"600\" data-id=\"886\" src=\"https:\/\/blachdom-tech.pl\/modulowe\/wp-content\/uploads\/2022\/02\/kontenery-blachdom.jpg\" alt=\"\" class=\"wp-image-886\" srcset=\"https:\/\/blachdom-tech.pl\/modulowe\/wp-content\/uploads\/2022\/02\/kontenery-blachdom.jpg 900w, https:\/\/blachdom-tech.pl\/modulowe\/wp-content\/uploads\/2022\/02\/kontenery-blachdom-300x200.jpg 300w, https:\/\/blachdom-tech.pl\/modulowe\/wp-content\/uploads\/2022\/02\/kontenery-blachdom-700x467.jpg 700w, https:\/\/blachdom-tech.pl\/modulowe\/wp-content\/uploads\/2022\/02\/kontenery-blachdom-768x512.jpg 768w\" sizes=\"auto, (max-width: 900px) 100vw, 900px\" \/><\/figure>\n<\/figure>\n\n\n\n<section id=\"gm8d52482\" class=\"wp-block-gutentor-m4 section-gm8d52482 gutentor-module gutentor-advanced-columns oferta-main\"><div class=\"grid-container\"><div class=\"grid-row\">\n<div id=\"col-gmc86747\" class=\"wp-block-gutentor-m4-col col-gmc86747 gutentor-single-column  grid-lg-9 grid-md-12 grid-12\"><div id=\"section-gmc86747\" class=\"section-gmc86747 gutentor-col-wrap\">\n<h2 class=\"wp-block-heading has-black-color has-text-color\" id=\"strozowki\"><strong>Str\u00f3\u017c\u00f3wki<\/strong><\/h2>\n\n\n\n<div id=\"section-g109321\" class=\"wp-block-gutentor-e0 section-g109321 gutentor-element gutentor-element-advanced-text\"><div class=\"gutentor-text-wrap\"><p class=\"gutentor-text\">Kontenery tego rodzaju mo\u017cna wykorzysta\u0107 jako str\u00f3\u017c\u00f3wka lub portiernia na placach budowy, zak\u0142adach pracy, czy parkingach..<\/p><\/div><\/div>\n<\/div><\/div>\n\n\n\n<div id=\"col-gm7224b2\" class=\"wp-block-gutentor-m4-col col-gm7224b2 gutentor-single-column  grid-lg-3 grid-md-12 grid-12\"><div id=\"section-gm7224b2\" class=\"section-gm7224b2 gutentor-col-wrap\">\n<div id=\"section-gb580fd\" class=\"wp-block-gutentor-e6 section-gb580fd gutentor-element gutentor-element-image\"><div class=\"gutentor-element-image-box\"><div class=\"gutentor-image-thumb\"><img decoding=\"async\" class=\"normal-image\" src=\"https:\/\/blachdom-tech.pl\/modulowe\/wp-content\/uploads\/2022\/02\/blachdom-kontener-1.jpg\"\/><\/div><\/div><\/div>\n<\/div><\/div>\n<\/div><\/div><\/section>\n\n\n\n<figure class=\"wp-block-gallery has-nested-images columns-default is-cropped wp-block-gallery-2 is-layout-flex wp-block-gallery-is-layout-flex\">\n<figure class=\"wp-block-image size-large\"><img loading=\"lazy\" decoding=\"async\" width=\"1200\" height=\"800\" data-id=\"914\" src=\"https:\/\/blachdom-tech.pl\/modulowe\/wp-content\/uploads\/2022\/02\/blachdom-1.jpg\" alt=\"\" class=\"wp-image-914\" srcset=\"https:\/\/blachdom-tech.pl\/modulowe\/wp-content\/uploads\/2022\/02\/blachdom-1.jpg 1200w, https:\/\/blachdom-tech.pl\/modulowe\/wp-content\/uploads\/2022\/02\/blachdom-1-300x200.jpg 300w, https:\/\/blachdom-tech.pl\/modulowe\/wp-content\/uploads\/2022\/02\/blachdom-1-700x467.jpg 700w, https:\/\/blachdom-tech.pl\/modulowe\/wp-content\/uploads\/2022\/02\/blachdom-1-768x512.jpg 768w\" sizes=\"auto, (max-width: 1200px) 100vw, 1200px\" \/><\/figure>\n\n\n\n<figure class=\"wp-block-image size-large\"><img loading=\"lazy\" decoding=\"async\" width=\"1200\" height=\"735\" data-id=\"913\" src=\"https:\/\/blachdom-tech.pl\/modulowe\/wp-content\/uploads\/2022\/02\/blachdom-pawilon.jpg\" alt=\"\" class=\"wp-image-913\" srcset=\"https:\/\/blachdom-tech.pl\/modulowe\/wp-content\/uploads\/2022\/02\/blachdom-pawilon.jpg 1200w, https:\/\/blachdom-tech.pl\/modulowe\/wp-content\/uploads\/2022\/02\/blachdom-pawilon-300x184.jpg 300w, https:\/\/blachdom-tech.pl\/modulowe\/wp-content\/uploads\/2022\/02\/blachdom-pawilon-700x429.jpg 700w, https:\/\/blachdom-tech.pl\/modulowe\/wp-content\/uploads\/2022\/02\/blachdom-pawilon-768x470.jpg 768w\" sizes=\"auto, (max-width: 1200px) 100vw, 1200px\" \/><\/figure>\n\n\n\n<figure class=\"wp-block-image size-large\"><img loading=\"lazy\" decoding=\"async\" width=\"1200\" height=\"800\" data-id=\"754\" src=\"https:\/\/blachdom-tech.pl\/modulowe\/wp-content\/uploads\/2022\/02\/pawilony-uslugowe.jpg\" alt=\"\" class=\"wp-image-754\" srcset=\"https:\/\/blachdom-tech.pl\/modulowe\/wp-content\/uploads\/2022\/02\/pawilony-uslugowe.jpg 1200w, https:\/\/blachdom-tech.pl\/modulowe\/wp-content\/uploads\/2022\/02\/pawilony-uslugowe-300x200.jpg 300w, https:\/\/blachdom-tech.pl\/modulowe\/wp-content\/uploads\/2022\/02\/pawilony-uslugowe-700x467.jpg 700w, https:\/\/blachdom-tech.pl\/modulowe\/wp-content\/uploads\/2022\/02\/pawilony-uslugowe-768x512.jpg 768w\" sizes=\"auto, (max-width: 1200px) 100vw, 1200px\" \/><\/figure>\n<\/figure>\n\n\n\n<section id=\"gm122b836\" class=\"wp-block-gutentor-m4 section-gm122b836 gutentor-module gutentor-advanced-columns oferta-main\"><div class=\"grid-container\"><div class=\"grid-row\">\n<div id=\"col-gmc0c3aa\" class=\"wp-block-gutentor-m4-col col-gmc0c3aa gutentor-single-column  grid-lg-9 grid-md-12 grid-12\"><div id=\"section-gmc0c3aa\" class=\"section-gmc0c3aa gutentor-col-wrap\">\n<h2 class=\"wp-block-heading has-black-color has-text-color\" id=\"pawilony-handlowe-uslugowe\"><strong>Pawilony handlowe, us\u0142ugowe<\/strong><\/h2>\n\n\n\n<div id=\"section-ge72e46\" class=\"wp-block-gutentor-e0 section-ge72e46 gutentor-element gutentor-element-advanced-text\"><div class=\"gutentor-text-wrap\"><p class=\"gutentor-text\">Nasze kontenery mog\u0105 by\u0107 r\u00f3wnie\u017c u\u017cywane jako punkty handlowe, us\u0142ugowe.<br><br>Jest to \u015bwietna propozycja dla os\u00f3b, kt\u00f3re chc\u0105 realizowa\u0107 swoje plany biznesowe, bez ponoszenia pocz\u0105tkowo wysokich koszt\u00f3w inwestycyjnych.<\/p><\/div><\/div>\n<\/div><\/div>\n\n\n\n<div id=\"col-gmae8a21\" class=\"wp-block-gutentor-m4-col col-gmae8a21 gutentor-single-column  grid-lg-3 grid-md-12 grid-12\"><div id=\"section-gmae8a21\" class=\"section-gmae8a21 gutentor-col-wrap\">\n<div id=\"section-g4bdec8\" class=\"wp-block-gutentor-e6 section-g4bdec8 gutentor-element gutentor-element-image\"><div class=\"gutentor-element-image-box\"><div class=\"gutentor-image-thumb\"><img decoding=\"async\" class=\"normal-image\" src=\"https:\/\/blachdom-tech.pl\/modulowe\/wp-content\/uploads\/2022\/02\/blachdom-pawilon.jpg\"\/><\/div><\/div><\/div>\n<\/div><\/div>\n<\/div><\/div><\/section>\n\n\n\n<figure class=\"wp-block-gallery has-nested-images columns-default is-cropped wp-block-gallery-3 is-layout-flex wp-block-gallery-is-layout-flex\">\n<figure class=\"wp-block-image size-large\"><img loading=\"lazy\" decoding=\"async\" width=\"700\" height=\"700\" data-id=\"1109\" src=\"https:\/\/blachdom-tech.pl\/modulowe\/wp-content\/uploads\/2022\/08\/kontener-blachdom-700x700.jpg\" alt=\"\" class=\"wp-image-1109\" srcset=\"https:\/\/blachdom-tech.pl\/modulowe\/wp-content\/uploads\/2022\/08\/kontener-blachdom-700x700.jpg 700w, https:\/\/blachdom-tech.pl\/modulowe\/wp-content\/uploads\/2022\/08\/kontener-blachdom-300x300.jpg 300w, https:\/\/blachdom-tech.pl\/modulowe\/wp-content\/uploads\/2022\/08\/kontener-blachdom-150x150.jpg 150w, https:\/\/blachdom-tech.pl\/modulowe\/wp-content\/uploads\/2022\/08\/kontener-blachdom-768x768.jpg 768w, https:\/\/blachdom-tech.pl\/modulowe\/wp-content\/uploads\/2022\/08\/kontener-blachdom.jpg 1400w\" sizes=\"auto, (max-width: 700px) 100vw, 700px\" \/><\/figure>\n\n\n\n<figure class=\"wp-block-image size-large\"><img loading=\"lazy\" decoding=\"async\" width=\"700\" height=\"700\" data-id=\"1108\" src=\"https:\/\/blachdom-tech.pl\/modulowe\/wp-content\/uploads\/2022\/08\/kontener-wnetrza-700x700.jpg\" alt=\"\" class=\"wp-image-1108\" srcset=\"https:\/\/blachdom-tech.pl\/modulowe\/wp-content\/uploads\/2022\/08\/kontener-wnetrza-700x700.jpg 700w, https:\/\/blachdom-tech.pl\/modulowe\/wp-content\/uploads\/2022\/08\/kontener-wnetrza-300x300.jpg 300w, https:\/\/blachdom-tech.pl\/modulowe\/wp-content\/uploads\/2022\/08\/kontener-wnetrza-150x150.jpg 150w, https:\/\/blachdom-tech.pl\/modulowe\/wp-content\/uploads\/2022\/08\/kontener-wnetrza-768x768.jpg 768w, https:\/\/blachdom-tech.pl\/modulowe\/wp-content\/uploads\/2022\/08\/kontener-wnetrza.jpg 1400w\" sizes=\"auto, (max-width: 700px) 100vw, 700px\" \/><\/figure>\n\n\n\n<figure class=\"wp-block-image size-large\"><img loading=\"lazy\" decoding=\"async\" width=\"700\" height=\"700\" data-id=\"1106\" src=\"https:\/\/blachdom-tech.pl\/modulowe\/wp-content\/uploads\/2022\/08\/kontener-wnetrze-700x700.jpg\" alt=\"\" class=\"wp-image-1106\" srcset=\"https:\/\/blachdom-tech.pl\/modulowe\/wp-content\/uploads\/2022\/08\/kontener-wnetrze-700x700.jpg 700w, https:\/\/blachdom-tech.pl\/modulowe\/wp-content\/uploads\/2022\/08\/kontener-wnetrze-300x300.jpg 300w, https:\/\/blachdom-tech.pl\/modulowe\/wp-content\/uploads\/2022\/08\/kontener-wnetrze-150x150.jpg 150w, https:\/\/blachdom-tech.pl\/modulowe\/wp-content\/uploads\/2022\/08\/kontener-wnetrze-768x768.jpg 768w, https:\/\/blachdom-tech.pl\/modulowe\/wp-content\/uploads\/2022\/08\/kontener-wnetrze.jpg 1400w\" sizes=\"auto, (max-width: 700px) 100vw, 700px\" \/><\/figure>\n<\/figure>\n","protected":false},"excerpt":{"rendered":"","protected":false},"author":1,"featured_media":0,"parent":0,"menu_order":0,"comment_status":"closed","ping_status":"closed","template":"template-gutentor-full-width.php","meta":{"footnotes":""},"class_list":["post-885","page","type-page","status-publish","hentry"],"_links":{"self":[{"href":"https:\/\/blachdom-tech.pl\/modulowe\/wp-json\/wp\/v2\/pages\/885","targetHints":{"allow":["GET"]}}],"collection":[{"href":"https:\/\/blachdom-tech.pl\/modulowe\/wp-json\/wp\/v2\/pages"}],"about":[{"href":"https:\/\/blachdom-tech.pl\/modulowe\/wp-json\/wp\/v2\/types\/page"}],"author":[{"embeddable":true,"href":"https:\/\/blachdom-tech.pl\/modulowe\/wp-json\/wp\/v2\/users\/1"}],"replies":[{"embeddable":true,"href":"https:\/\/blachdom-tech.pl\/modulowe\/wp-json\/wp\/v2\/comments?post=885"}],"version-history":[{"count":16,"href":"https:\/\/blachdom-tech.pl\/modulowe\/wp-json\/wp\/v2\/pages\/885\/revisions"}],"predecessor-version":[{"id":1255,"href":"https:\/\/blachdom-tech.pl\/modulowe\/wp-json\/wp\/v2\/pages\/885\/revisions\/1255"}],"wp:attachment":[{"href":"https:\/\/blachdom-tech.pl\/modulowe\/wp-json\/wp\/v2\/media?parent=885"}],"curies":[{"name":"wp","href":"https:\/\/api.w.org\/{rel}","templated":true}]}}