{"id":907,"date":"2022-02-24T00:35:54","date_gmt":"2022-02-23T23:35:54","guid":{"rendered":"https:\/\/blachdom-tech.pl\/modulowe\/?page_id=907"},"modified":"2022-02-24T00:36:57","modified_gmt":"2022-02-23T23:36:57","slug":"pawilony-handlowe-uslugowe","status":"publish","type":"page","link":"https:\/\/blachdom-tech.pl\/modulowe\/pawilony-handlowe-uslugowe\/","title":{"rendered":"Pawilony handlowe, us\u0142ugowe"},"content":{"rendered":"\n<section id=\"gm15a029e\" class=\"wp-block-gutentor-m4 section-gm15a029e gutentor-module gutentor-advanced-columns oferta-main\"><div class=\"grid-container\"><div class=\"grid-row\">\n<div id=\"col-gmc729ba\" class=\"wp-block-gutentor-m4-col col-gmc729ba gutentor-single-column  grid-lg-9 grid-md-12 grid-12\"><div id=\"section-gmc729ba\" class=\"section-gmc729ba gutentor-col-wrap\">\n<h2 class=\"has-black-color has-text-color wp-block-heading\" id=\"pawilony-handlowe-uslugowe\"><strong>Pawilony handlowe, us\u0142ugowe<\/strong><\/h2>\n\n\n\n<div id=\"section-gad038f\" class=\"wp-block-gutentor-e0 section-gad038f gutentor-element gutentor-element-advanced-text\"><div class=\"gutentor-text-wrap\"><p class=\"gutentor-text\">Nasze kontenery mog\u0105 by\u0107 r\u00f3wnie\u017c u\u017cywane jako punkty handlowe, us\u0142ugowe.<br><br>Jest to \u015bwietna propozycja dla os\u00f3b, kt\u00f3re chc\u0105 realizowa\u0107 swoje plany biznesowe, bez ponoszenia pocz\u0105tkowo wysokich koszt\u00f3w inwestycyjnych.<\/p><\/div><\/div>\n<\/div><\/div>\n\n\n\n<div id=\"col-gm2ebd16\" class=\"wp-block-gutentor-m4-col col-gm2ebd16 gutentor-single-column  grid-lg-3 grid-md-12 grid-12\"><div id=\"section-gm2ebd16\" class=\"section-gm2ebd16 gutentor-col-wrap\">\n<div id=\"section-gc57b6f\" class=\"wp-block-gutentor-e6 section-gc57b6f gutentor-element gutentor-element-image\"><div class=\"gutentor-element-image-box\"><div class=\"gutentor-image-thumb\"><img decoding=\"async\" class=\"normal-image\" src=\"https:\/\/blachdom-tech.pl\/modulowe\/wp-content\/uploads\/2022\/02\/blachdom-pawilon.jpg\"\/><\/div><\/div><\/div>\n<\/div><\/div>\n<\/div><\/div><\/section>\n\n\n\n<figure class=\"wp-block-gallery has-nested-images columns-default is-cropped wp-block-gallery-1 is-layout-flex wp-block-gallery-is-layout-flex\">\n<figure class=\"wp-block-image size-large\"><img loading=\"lazy\" decoding=\"async\" width=\"700\" height=\"467\" data-id=\"914\" src=\"https:\/\/blachdom-tech.pl\/modulowe\/wp-content\/uploads\/2022\/02\/blachdom-1-700x467.jpg\" alt=\"\" class=\"wp-image-914\" srcset=\"https:\/\/blachdom-tech.pl\/modulowe\/wp-content\/uploads\/2022\/02\/blachdom-1-700x467.jpg 700w, https:\/\/blachdom-tech.pl\/modulowe\/wp-content\/uploads\/2022\/02\/blachdom-1-300x200.jpg 300w, https:\/\/blachdom-tech.pl\/modulowe\/wp-content\/uploads\/2022\/02\/blachdom-1-768x512.jpg 768w, https:\/\/blachdom-tech.pl\/modulowe\/wp-content\/uploads\/2022\/02\/blachdom-1.jpg 1200w\" sizes=\"auto, (max-width: 700px) 100vw, 700px\" \/><\/figure>\n\n\n\n<figure class=\"wp-block-image size-large\"><img loading=\"lazy\" decoding=\"async\" width=\"700\" height=\"467\" data-id=\"754\" src=\"https:\/\/blachdom-tech.pl\/modulowe\/wp-content\/uploads\/2022\/02\/pawilony-uslugowe-700x467.jpg\" alt=\"\" class=\"wp-image-754\" srcset=\"https:\/\/blachdom-tech.pl\/modulowe\/wp-content\/uploads\/2022\/02\/pawilony-uslugowe-700x467.jpg 700w, https:\/\/blachdom-tech.pl\/modulowe\/wp-content\/uploads\/2022\/02\/pawilony-uslugowe-300x200.jpg 300w, https:\/\/blachdom-tech.pl\/modulowe\/wp-content\/uploads\/2022\/02\/pawilony-uslugowe-768x512.jpg 768w, https:\/\/blachdom-tech.pl\/modulowe\/wp-content\/uploads\/2022\/02\/pawilony-uslugowe.jpg 1200w\" sizes=\"auto, (max-width: 700px) 100vw, 700px\" \/><\/figure>\n\n\n\n<figure class=\"wp-block-image size-large\"><img loading=\"lazy\" decoding=\"async\" width=\"700\" height=\"583\" data-id=\"915\" src=\"https:\/\/blachdom-tech.pl\/modulowe\/wp-content\/uploads\/2022\/02\/blachdom-uslugowe-700x583.jpg\" alt=\"\" class=\"wp-image-915\" srcset=\"https:\/\/blachdom-tech.pl\/modulowe\/wp-content\/uploads\/2022\/02\/blachdom-uslugowe-700x583.jpg 700w, https:\/\/blachdom-tech.pl\/modulowe\/wp-content\/uploads\/2022\/02\/blachdom-uslugowe-300x250.jpg 300w, https:\/\/blachdom-tech.pl\/modulowe\/wp-content\/uploads\/2022\/02\/blachdom-uslugowe-768x640.jpg 768w, https:\/\/blachdom-tech.pl\/modulowe\/wp-content\/uploads\/2022\/02\/blachdom-uslugowe.jpg 1536w\" sizes=\"auto, (max-width: 700px) 100vw, 700px\" \/><\/figure>\n<\/figure>\n\n\n\n<p><\/p>\n","protected":false},"excerpt":{"rendered":"","protected":false},"author":1,"featured_media":0,"parent":0,"menu_order":0,"comment_status":"closed","ping_status":"closed","template":"template-gutentor-full-width.php","meta":{"footnotes":""},"class_list":["post-907","page","type-page","status-publish","hentry"],"_links":{"self":[{"href":"https:\/\/blachdom-tech.pl\/modulowe\/wp-json\/wp\/v2\/pages\/907","targetHints":{"allow":["GET"]}}],"collection":[{"href":"https:\/\/blachdom-tech.pl\/modulowe\/wp-json\/wp\/v2\/pages"}],"about":[{"href":"https:\/\/blachdom-tech.pl\/modulowe\/wp-json\/wp\/v2\/types\/page"}],"author":[{"embeddable":true,"href":"https:\/\/blachdom-tech.pl\/modulowe\/wp-json\/wp\/v2\/users\/1"}],"replies":[{"embeddable":true,"href":"https:\/\/blachdom-tech.pl\/modulowe\/wp-json\/wp\/v2\/comments?post=907"}],"version-history":[{"count":3,"href":"https:\/\/blachdom-tech.pl\/modulowe\/wp-json\/wp\/v2\/pages\/907\/revisions"}],"predecessor-version":[{"id":1058,"href":"https:\/\/blachdom-tech.pl\/modulowe\/wp-json\/wp\/v2\/pages\/907\/revisions\/1058"}],"wp:attachment":[{"href":"https:\/\/blachdom-tech.pl\/modulowe\/wp-json\/wp\/v2\/media?parent=907"}],"curies":[{"name":"wp","href":"https:\/\/api.w.org\/{rel}","templated":true}]}}