{"id":917,"date":"2022-02-24T00:45:44","date_gmt":"2022-02-23T23:45:44","guid":{"rendered":"https:\/\/blachdom-tech.pl\/modulowe\/?page_id=917"},"modified":"2022-02-25T08:23:00","modified_gmt":"2022-02-25T07:23:00","slug":"strozowki","status":"publish","type":"page","link":"https:\/\/blachdom-tech.pl\/modulowe\/strozowki\/","title":{"rendered":"Str\u00f3\u017c\u00f3wki"},"content":{"rendered":"\n<section id=\"gmdcf95e6\" class=\"wp-block-gutentor-m4 section-gmdcf95e6 gutentor-module gutentor-advanced-columns oferta-main\"><div class=\"grid-container\"><div class=\"grid-row\">\n<div id=\"col-gm0458db\" class=\"wp-block-gutentor-m4-col col-gm0458db gutentor-single-column  grid-lg-9 grid-md-12 grid-12\"><div id=\"section-gm0458db\" class=\"section-gm0458db gutentor-col-wrap\">\n<h2 class=\"has-black-color has-text-color wp-block-heading\" id=\"strozowki\"><strong>Str\u00f3\u017c\u00f3wki<\/strong><\/h2>\n\n\n\n<div id=\"section-g79826b\" class=\"wp-block-gutentor-e0 section-g79826b gutentor-element gutentor-element-advanced-text\"><div class=\"gutentor-text-wrap\"><p class=\"gutentor-text\">Kontenery tego rodzaju mo\u017cna wykorzysta\u0107 jako str\u00f3\u017c\u00f3wka lub portiernia na placach budowy, zak\u0142adach pracy, czy parkingach..<\/p><\/div><\/div>\n<\/div><\/div>\n\n\n\n<div id=\"col-gm842575\" class=\"wp-block-gutentor-m4-col col-gm842575 gutentor-single-column  grid-lg-3 grid-md-12 grid-12\"><div id=\"section-gm842575\" class=\"section-gm842575 gutentor-col-wrap\">\n<div id=\"section-g01566c\" class=\"wp-block-gutentor-e6 section-g01566c gutentor-element gutentor-element-image\"><div class=\"gutentor-element-image-box\"><div class=\"gutentor-image-thumb\"><img decoding=\"async\" class=\"normal-image\" src=\"https:\/\/blachdom-tech.pl\/modulowe\/wp-content\/uploads\/2022\/02\/blachdom-kontener-1.jpg\"\/><\/div><\/div><\/div>\n<\/div><\/div>\n<\/div><\/div><\/section>\n\n\n\n<figure class=\"wp-block-gallery has-nested-images columns-2 is-cropped wp-block-gallery-1 is-layout-flex wp-block-gallery-is-layout-flex\">\n<figure class=\"wp-block-image size-large\"><img loading=\"lazy\" decoding=\"async\" width=\"700\" height=\"470\" data-id=\"918\" src=\"https:\/\/blachdom-tech.pl\/modulowe\/wp-content\/uploads\/2022\/02\/kontener-700x470.jpg\" alt=\"\" class=\"wp-image-918\" srcset=\"https:\/\/blachdom-tech.pl\/modulowe\/wp-content\/uploads\/2022\/02\/kontener-700x470.jpg 700w, https:\/\/blachdom-tech.pl\/modulowe\/wp-content\/uploads\/2022\/02\/kontener-300x201.jpg 300w, https:\/\/blachdom-tech.pl\/modulowe\/wp-content\/uploads\/2022\/02\/kontener-768x516.jpg 768w, https:\/\/blachdom-tech.pl\/modulowe\/wp-content\/uploads\/2022\/02\/kontener.jpg 800w\" sizes=\"auto, (max-width: 700px) 100vw, 700px\" \/><\/figure>\n\n\n\n<figure class=\"wp-block-image size-full\"><img loading=\"lazy\" decoding=\"async\" width=\"554\" height=\"498\" data-id=\"919\" src=\"https:\/\/blachdom-tech.pl\/modulowe\/wp-content\/uploads\/2022\/02\/kontenery-blachdom-1.jpg\" alt=\"\" class=\"wp-image-919\" srcset=\"https:\/\/blachdom-tech.pl\/modulowe\/wp-content\/uploads\/2022\/02\/kontenery-blachdom-1.jpg 554w, https:\/\/blachdom-tech.pl\/modulowe\/wp-content\/uploads\/2022\/02\/kontenery-blachdom-1-300x270.jpg 300w\" sizes=\"auto, (max-width: 554px) 100vw, 554px\" \/><\/figure>\n<\/figure>\n\n\n\n<p><\/p>\n","protected":false},"excerpt":{"rendered":"","protected":false},"author":1,"featured_media":0,"parent":0,"menu_order":0,"comment_status":"closed","ping_status":"closed","template":"template-gutentor-full-width.php","meta":{"footnotes":""},"class_list":["post-917","page","type-page","status-publish","hentry"],"_links":{"self":[{"href":"https:\/\/blachdom-tech.pl\/modulowe\/wp-json\/wp\/v2\/pages\/917","targetHints":{"allow":["GET"]}}],"collection":[{"href":"https:\/\/blachdom-tech.pl\/modulowe\/wp-json\/wp\/v2\/pages"}],"about":[{"href":"https:\/\/blachdom-tech.pl\/modulowe\/wp-json\/wp\/v2\/types\/page"}],"author":[{"embeddable":true,"href":"https:\/\/blachdom-tech.pl\/modulowe\/wp-json\/wp\/v2\/users\/1"}],"replies":[{"embeddable":true,"href":"https:\/\/blachdom-tech.pl\/modulowe\/wp-json\/wp\/v2\/comments?post=917"}],"version-history":[{"count":3,"href":"https:\/\/blachdom-tech.pl\/modulowe\/wp-json\/wp\/v2\/pages\/917\/revisions"}],"predecessor-version":[{"id":1057,"href":"https:\/\/blachdom-tech.pl\/modulowe\/wp-json\/wp\/v2\/pages\/917\/revisions\/1057"}],"wp:attachment":[{"href":"https:\/\/blachdom-tech.pl\/modulowe\/wp-json\/wp\/v2\/media?parent=917"}],"curies":[{"name":"wp","href":"https:\/\/api.w.org\/{rel}","templated":true}]}}